{"id":3851,"date":"2023-05-05T13:35:41","date_gmt":"2023-05-05T13:35:41","guid":{"rendered":"http:\/\/erkankaratas.com.tr\/kitap-yazari\/"},"modified":"2023-07-05T14:26:27","modified_gmt":"2023-07-05T14:26:27","slug":"book-author","status":"publish","type":"page","link":"https:\/\/erkankaratas.com.tr\/en\/book-author\/","title":{"rendered":"Book Author"},"content":{"rendered":"<p>[vc_row][vc_column icons_position=&#8221;left&#8221;]<div id=\"sc_title_500025642\"\n\t\tclass=\"sc_title color_style_default sc_title_modern\"><h4 class=\"sc_item_title sc_title_title sc_align_left sc_item_title_style_modern sc_item_title_tag\">Book Author<\/h4><\/div><!-- \/.sc_title -->[vc_empty_space height=&#8221;2em&#8221; alter_height=&#8221;none&#8221; hide_on_desktop=&#8221;&#8221; hide_on_notebook=&#8221;&#8221; hide_on_tablet=&#8221;&#8221; hide_on_mobile=&#8221;&#8221;][vc_empty_space height=&#8221;3.1em&#8221; alter_height=&#8221;none&#8221; hide_on_desktop=&#8221;&#8221; hide_on_notebook=&#8221;&#8221; hide_on_tablet=&#8221;1&#8243; hide_on_mobile=&#8221;1&#8243;][vc_column_text]<strong>F1<\/strong>. <strong>Karata\u015f, E<\/strong>, \u201cRecurrent respiratuar papillomatosis\u201d, Cummings Otolaryngology head and Neck Surgery, e.d. Ko\u00e7, C, Cilt 5, 196, 4370-4386, G\u00fcne\u015f T\u0131p Kitabevi, Ankara TURKIYE, 2007. (Translation to Turkish Language)<\/p>\n<p><strong>F2<\/strong>. <strong>Karata\u015f, E<\/strong> ve K\u0131z\u0131lay A,\u00a0 \u201cThe health of Otolaryngology\u201d, The guide of protective health, e.d. Yak\u0131nc\u0131, C.,\u00a0 219-222, T\u00fcrk eczac\u0131lar Birli\u011fi Eczac\u0131l\u0131k Akademisi yay\u0131nlar\u0131, Ankara, 2012.<\/p>\n<p><strong>F3<\/strong>. <strong>Karata\u015f, E<\/strong>.\u00a0 \u201cIntroduction\u201d, Hearing Aids, Evoked Methods, e.d. A\u011fa\u00e7, M.E,\u00a0 0, Mega Bas\u0131m Yay\u0131n\u00a0 San. ve Tic. A.\u015e yay\u0131nlar\u0131, Istanbul, 2013.<\/p>\n<p><strong>F4<\/strong>. <strong>Karata\u015f, E<\/strong>.,\u00a0 \u201cVestibular Evoked Myogenic Potentials\u201d, Odyolojide Temel Kavramlar ve Yakla\u015f\u0131mlar, e.d. G\u00fcnd\u00fcz, M.,\u00a0 239-249, Nobel T\u0131p Kitapevi yay\u0131nlar\u0131, \u0130stanbul, 2015.<\/p>\n<p><strong>F5<\/strong>. <strong>Karata\u015f, E<\/strong> ve K\u0131z\u0131lay A,\u00a0 \u201cKulak Burun Bo\u011faz sa\u011fl\u0131\u011f\u0131\u201d, Koruyucu Sa\u011fl\u0131k Ansiklopedisi, e.d. Yak\u0131nc\u0131, C.,\u00a0 381-385, H\u00fcrriyet Gazetesi- T\u00fcrk R-Eczac\u0131lar Birli\u011fi Eczac\u0131l\u0131k Akademisi Yay\u0131nlar\u0131, \u0130stanbul, 2016.<\/p>\n<p><strong>F6<\/strong>. <strong>Karata\u015f, E<\/strong> ,\u00a0 \u201cVertigo\u201d, Anamnezden Tan\u0131ya, e.d. Yak\u0131nc\u0131, C., Karabiber, H., 22-35 , Akademisyen Kitapevi, Ankara, 2016.<\/p>\n<p><strong>F7<\/strong>. <strong>Karata\u015f, E<\/strong> ,\u00a0 \u201cHearing Loss\u201d, Anamnezden Tan\u0131ya, e.d. Yak\u0131nc\u0131, C., Karabiber, H. 194-97 , Akademisyen Kitapevi, Ankara, 2016.<\/p>\n<p><strong>F8<\/strong>. <strong>Karata\u015f, E<\/strong> ,\u00a0 \u201cCochlear Implantation\u201d, , Odyoloji, e.d., , , Nobel T\u0131p Kitapevi yay\u0131nlar\u0131, \u0130stanbul, 2016.<\/p>\n<p><strong>F9<\/strong>. <strong>Karata\u015f, E<\/strong> ,\u00a0 \u201cApplication topical spray through the nose\u201d, Hekimlikte Temel Uygulamalar Rehberi, e.d. Yak\u0131nc\u0131, C., Topal, E., 18-19 , \u0130n\u00f6n\u00fc \u00dcniversitesi Yay\u0131nlar\u0131, Malatya, 2018.<\/p>\n<p><strong>F10<\/strong>. <strong>Karata\u015f, E<\/strong> ,\u00a0 \u201cEvaluation of Hearing with Diapasons\u201d, Hekimlikte Temel Uygulamalar Rehberi, e.d. Yak\u0131nc\u0131, C., Topal, E., 98-100 , \u0130n\u00f6n\u00fc \u00dcniversitesi Yay\u0131nlar\u0131, Malatya, 2018.<\/p>\n<p><strong>F11<\/strong>. <strong>Karata\u015f, E<\/strong> ,\u00a0 \u201cApplication of topical drops into the ear canal\u201d, Hekimlikte Temel Uygulamalar Rehberi, e.d. Yak\u0131nc\u0131, C., Topal, E., 128-129 , \u0130n\u00f6n\u00fc \u00dcniversitesi Yay\u0131nlar\u0131, Malatya, 2018.<\/p>\n<p><strong>F12<\/strong>. <strong>Karata\u015f, E<\/strong> ,\u00a0 \u2018\u2019Vertigo\u2019\u2019, G\u00f6rseller ile Hastal\u0131klar\u0131, e.d. Yak\u0131nc\u0131, C., Karatas, E., 40-41, \u0130n\u00f6n\u00fc \u00dcniversitesi Yay\u0131nlar\u0131, Malatya, 2018.<\/p>\n<p><strong>F13. <\/strong><strong>Karata\u015f, E<\/strong> ,\u00a0 \u2018\u2019Upper airway infections in children, \u00c7ocuk g\u00f6\u011f\u00fcs ve solunum yolu hastal\u0131klar\u0131 kitab\u0131, e.d. Yak\u0131nc\u0131, C., Karatas, E., 247-263, \u0130n\u00f6n\u00fc \u00dcniversitesi Yay\u0131nlar\u0131, Malatya, 2018.<\/p>\n<p><strong>F14. <\/strong><strong>Karata\u015f, E<\/strong> ,\u00a0 \u2018\u2018Instruments in ENT\u2019\u2019, , e.d. Yak\u0131nc\u0131, C., Karatas, E., , \u0130n\u00f6n\u00fc \u00dcniversitesi Yay\u0131nlar\u0131, Malatya, 2018.<\/p>\n<p><strong>F15. <\/strong><strong>Karata\u015f, E<\/strong> ,\u00a0 \u2018\u2018Evaluation for Maxillofacial Trauma\u2019\u2019, The Guide of Physical Examination in Medicine, e.d. Yak\u0131nc\u0131, C., Karatas, E., , \u0130n\u00f6n\u00fc \u00dcniversitesi Yay\u0131nlar\u0131, 110-113, Malatya, 2018.<\/p>\n<p><strong>F16<\/strong>. Topkan, L., \u015eafak M.A., Tatara\u011fas\u0131 A.\u0130., O\u011fuz H. ve <strong>Karata\u015f, E<\/strong>. Otoloji ve Foniatri Perspektif ile Odyoloji, Edit\u00f6r e.d. Nobel T\u0131p Kitapevi yay\u0131nlar\u0131, Ankara, 2020.<\/p>\n<p><strong>F17<\/strong>. <strong>Karata\u015f, E<\/strong>.,\u00a0 \u201cKoklear \u0130mplantasyon\u201d, Otoloji ve Foniatri Perspektif ile Odyoloji, e.d. Topkan, L., \u015eafak M.A., Tatara\u011fas\u0131 A.\u0130., O\u011fuz H. ve <strong>Karata\u015f, E<\/strong>.,\u00a0 -, Nobel T\u0131p Kitapevi yay\u0131nlar\u0131, Ankara, 2018.<\/p>\n<p><strong>F18<\/strong>. <strong>Karata\u015f, E<\/strong>., \u00c7elik M. \u201cVideo Head \u0130mpuls Test VHiT ve Post\u00fcrografi\u201d, Otoloji ve Foniatri Perspektif ile Odyoloji, e.d. Topkan, L., \u015eafak M.A., Tatara\u011fas\u0131 A.\u0130., O\u011fuz H. ve <strong>Karata\u015f, E<\/strong>.,\u00a0 101-112, Nobel T\u0131p Kitapevi yay\u0131nlar\u0131, Ankara, 2018.[\/vc_column_text][vc_column_text css=&#8221;.vc_custom_1686828989815{margin-top: 75px !important;}&#8221;]<strong>PDF DOSYALARI<\/strong><\/p>\n<p><a href=\"http:\/\/erkankaratas.com.tr\/wp-content\/uploads\/2023\/06\/C2-14-KBB-de-tibbi-malzemeler-.pdf\">C2 14 KBB de t\u0131bbi malzemeler<\/a><\/p>\n<p><a href=\"http:\/\/erkankaratas.com.tr\/wp-content\/uploads\/2023\/06\/D-34-Vertigo-Icaad.pdf\">D 34 Vertigo \u0130caad<\/a><\/p>\n<p><a href=\"http:\/\/erkankaratas.com.tr\/wp-content\/uploads\/2023\/06\/Gorsel-Hastaliklar-2018.pdf\">G\u00f6rsel Hastal\u0131klar 2018<\/a><\/p>\n<p><a href=\"http:\/\/erkankaratas.com.tr\/wp-content\/uploads\/2023\/06\/icaad_audiologyacoustic_sayi2.pdf\">icaad_audiologyacoustic_sayi2<\/a><\/p>\n<p><a href=\"http:\/\/erkankaratas.com.tr\/wp-content\/uploads\/2023\/06\/imgelerle-hastal_klar-2016-karsiliklik-sayfalar.pdf\">imgelerle-hastal_klar-2016-kar\u015f\u0131l\u0131kl\u0131k-sayfalar<\/a><\/p>\n<p><a href=\"http:\/\/erkankaratas.com.tr\/wp-content\/uploads\/2023\/06\/KBB-travmali-hastanin-degerlendirilmesi.pdf\">KBB travmal\u0131 hastan\u0131n de\u011ferlendirilmesi<\/a><\/p>\n<p><a href=\"http:\/\/erkankaratas.com.tr\/wp-content\/uploads\/2023\/06\/Pediyatri-Okulu-Cocuk-Gogus-ve-Solunum-Yolu-Hastalikalri-Sinifi.pdf\">Pediyatri Okulu \u00c7ocuk G\u00f6\u011f\u00fcs ve Solunum Yolu Hastal\u0131kalr\u0131 S\u0131n\u0131f\u0131<\/a><\/p>\n<p><a href=\"http:\/\/erkankaratas.com.tr\/wp-content\/uploads\/2023\/06\/Solunum-Sistemi-Temelden-Klinige-TANITIM.pdf\">Solunum Sistemi Temelden Klini\u011fe TANITIM<\/a>[\/vc_column_text][vc_row_inner hide_bg_image_on_tablet=&#8221;&#8221; hide_bg_image_on_mobile=&#8221;&#8221; css=&#8221;.vc_custom_1686829119878{margin-top: 75px !important;}&#8221;][vc_column_inner width=&#8221;1\/2&#8243; icons_position=&#8221;left&#8221;][vc_single_image image=&#8221;2685&#8243; img_size=&#8221;full&#8221;][\/vc_column_inner][vc_column_inner width=&#8221;1\/2&#8243; icons_position=&#8221;left&#8221;][vc_single_image image=&#8221;2684&#8243; img_size=&#8221;full&#8221;][\/vc_column_inner][\/vc_row_inner][\/vc_column][\/vc_row]<\/p>\n","protected":false},"excerpt":{"rendered":"<p>[vc_row][vc_column icons_position=&#8221;left&#8221;][vc_empty_space height=&#8221;2em&#8221; alter_height=&#8221;none&#8221; hide_on_desktop=&#8221;&#8221; hide_on_notebook=&#8221;&#8221; hide_on_tablet=&#8221;&#8221; hide_on_mobile=&#8221;&#8221;][vc_empty_space height=&#8221;3.1em&#8221; alter_height=&#8221;none&#8221; hide_on_desktop=&#8221;&#8221; hide_on_notebook=&#8221;&#8221; hide_on_tablet=&#8221;1&#8243; hide_on_mobile=&#8221;1&#8243;][vc_column_text]F1. Karata\u015f,&hellip;<\/p>\n","protected":false},"author":1,"featured_media":0,"parent":0,"menu_order":0,"comment_status":"closed","ping_status":"closed","template":"","meta":{"footnotes":""},"class_list":["post-3851","page","type-page","status-publish","hentry"],"_links":{"self":[{"href":"https:\/\/erkankaratas.com.tr\/en\/wp-json\/wp\/v2\/pages\/3851","targetHints":{"allow":["GET"]}}],"collection":[{"href":"https:\/\/erkankaratas.com.tr\/en\/wp-json\/wp\/v2\/pages"}],"about":[{"href":"https:\/\/erkankaratas.com.tr\/en\/wp-json\/wp\/v2\/types\/page"}],"author":[{"embeddable":true,"href":"https:\/\/erkankaratas.com.tr\/en\/wp-json\/wp\/v2\/users\/1"}],"replies":[{"embeddable":true,"href":"https:\/\/erkankaratas.com.tr\/en\/wp-json\/wp\/v2\/comments?post=3851"}],"version-history":[{"count":1,"href":"https:\/\/erkankaratas.com.tr\/en\/wp-json\/wp\/v2\/pages\/3851\/revisions"}],"predecessor-version":[{"id":3852,"href":"https:\/\/erkankaratas.com.tr\/en\/wp-json\/wp\/v2\/pages\/3851\/revisions\/3852"}],"wp:attachment":[{"href":"https:\/\/erkankaratas.com.tr\/en\/wp-json\/wp\/v2\/media?parent=3851"}],"curies":[{"name":"wp","href":"https:\/\/api.w.org\/{rel}","templated":true}]}}