{"id":3842,"date":"2023-05-05T10:48:36","date_gmt":"2023-05-05T10:48:36","guid":{"rendered":"http:\/\/erkankaratas.com.tr\/kongreler\/"},"modified":"2023-07-05T14:17:25","modified_gmt":"2023-07-05T14:17:25","slug":"conferences","status":"publish","type":"page","link":"https:\/\/erkankaratas.com.tr\/en\/conferences\/","title":{"rendered":"Conferences"},"content":{"rendered":"<p>[vc_row][vc_column icons_position=&#8221;left&#8221;]<div id=\"sc_title_1443054169\"\n\t\tclass=\"sc_title color_style_default sc_title_modern\"><h4 class=\"sc_item_title sc_title_title sc_align_left sc_item_title_style_modern sc_item_title_tag\">Conferences<\/h4><\/div><!-- \/.sc_title -->[vc_empty_space height=&#8221;2em&#8221; alter_height=&#8221;none&#8221; hide_on_desktop=&#8221;&#8221; hide_on_notebook=&#8221;&#8221; hide_on_tablet=&#8221;&#8221; hide_on_mobile=&#8221;&#8221;][vc_gallery type=&#8221;image_grid&#8221; images=&#8221;1500,1501,1502,1503,1504,1505,1506,2655,2656,2657,2658,2659,2660,2661,2662,2663,2664,2665,2666,2667,2668,2669,2670,2671&#8243; img_size=&#8221;385&#215;250&#8243;][vc_empty_space height=&#8221;2em&#8221; alter_height=&#8221;none&#8221; hide_on_desktop=&#8221;&#8221; hide_on_notebook=&#8221;&#8221; hide_on_tablet=&#8221;&#8221; hide_on_mobile=&#8221;&#8221;][vc_empty_space height=&#8221;3.1em&#8221; alter_height=&#8221;none&#8221; hide_on_desktop=&#8221;&#8221; hide_on_notebook=&#8221;&#8221; hide_on_tablet=&#8221;1&#8243; hide_on_mobile=&#8221;1&#8243;][vc_column_text]<strong><u>conGRESS orGAN\u0130SAT\u0130ons<\/u><\/strong><\/p>\n<ol>\n<li>Otolaringology days in Gaziantep. December 2-4, 2005, Gaziantep TURKEY.<\/li>\n<li>13th New born of the nose, March 1, 2009, Gaziantep TURKEY.<\/li>\n<li>Case Reports in May 11-12, 2017, Malatya TURKEY.<\/li>\n<li>Congress for Case Reports in ENT. 21-23 September 2018, Malatya TURKEY.<\/li>\n<li>Congress for Case Reports in ENT. 21-22 June 2019, Malatya TURKEY.<\/li>\n<\/ol>\n<p><strong><u>ATTendance \u0131n SCIENT\u0130F\u0130c congreSS<\/u><\/strong><\/p>\n<ol start=\"1\">\n<li>\u0130n\u00f6n\u00fc, Dicle, F\u0131rat, Harran \u00dcniversiteleri KBB anabilim dallar\u0131n\u0131n d\u00f6n\u00fc\u015f\u00fcml\u00fc d\u00fczenledikleri 12. b\u00f6lgesel toplant\u0131. \u0130n\u00f6n\u00fc \u00dcniversitesi T\u0131p Fak\u00fcltesi, Malatya, 16-18 Haziran 2000.<\/li>\n<li>Kulak Burun Bo\u011faz ve Ba\u015f Boyun Cerrahisi Vakf\u0131 veT\u00fcrk Rinoloji Derne\u011fi Uluslararas\u0131 toplant\u0131s\u0131. Rinosin\u00fczitlerin Tedavisinde Pratik Yakla\u015f\u0131mlar. Ankara, 27-29 Haziran 2001.<\/li>\n<li>Kulak Burun Bo\u011faz ve Ba\u015f Boyun Cerrahisi Derne\u011fi 5. Uluslararas\u0131 toplant\u0131s\u0131. \u201cKBB\u2019de Yeni Ufuklar\u201d. Ankara, 31 May\u0131s \u2013 02 Haziran 2002.<\/li>\n<li>Ulusal T\u00fcberk\u00fcloz ve G\u00f6\u011f\u00fcs Hastal\u0131klar\u0131 Kongresi. T\u00fcberk\u00fcloz ve T\u00fcberk\u00fcloz Kontrol\u00fc. Malatya, 3-5 Nisan 2003.<\/li>\n<li>\u0130n\u00f6n\u00fc, Dicle, F\u0131rat, Harran \u00dcniversiteleri KBB anabilim dallar\u0131n\u0131n d\u00f6n\u00fc\u015f\u00fcml\u00fc d\u00fczenledikleri XVII. b\u00f6lgesel toplant\u0131. KBB\u2019da G\u00fcncel Konular. \u0130n\u00f6n\u00fc \u00dcniversitesi T\u0131p Fak\u00fcltesi, Malatya, 23-25 May\u0131s2003.<\/li>\n<li>T\u00fcrk Ulusal Otorinolarengoloji ve Ba\u015f Boyun Cerrahisi Kongresi.<\/li>\n<li>4-9 Ekim 2003, Antalya.<\/li>\n<li>T\u00fcrk Ulusal Otorinolarengoloji ve Ba\u015f Boyun Cerrahisi Kongresi. Kep\u00e7e Kulak Deformitesi i\u00e7in Otoplasti. T\u00fcrk Kulak Burun Bo\u011faz ve Ba\u015f Boyun Cerrahisi Vakf\u0131 E\u011fitsel Kursu. 4-9 Ekim 2003 , Antalya.<\/li>\n<li>T\u00fcrk Kulak Burun Bo\u011faz ve Ba\u015f Boyun Cerrahisi Vakf\u0131 2. Akademi Toplant\u0131s\u0131. 15-18 Nisan 2004, Adana.<\/li>\n<li>T\u00fcrk Plastik, Rekonstr\u00fcktif ve Estetik Cerrahi Derne\u011fi Rinoplasti Sempozyumu. 17 Nisan 2004, Adana.<\/li>\n<li>A\u2019dan Z\u2019ye External Septorinoplasti Kursu. T\u00fcrk Rinoloji Derne\u011fi- Malatya Kulak Burun Bo\u011faz Derne\u011fi Toplant\u0131s\u0131. 5-7 May\u0131s 2004, Malatya.<\/li>\n<li>20 Congress of the European Rhinologic Society and 23 Congress of ISIAN. June 18-25, 2004 Istanbul, Turkiye.<\/li>\n<li>F\u0131rat-Dicle Havzas\u0131 KBB ve Ba\u015f Boyun Cerrahisi Derne\u011fi Bilimsel Etkinlikleri. 26-29 A\u011fustos 2004, Elaz\u0131\u011f.<\/li>\n<li>Ulusal Odyoloji ve Konu\u015fma Bozukluklar\u0131 Kongresi. 23-25 Eyl\u00fcl 2004, \u0130stanbul.<\/li>\n<li>Videokonferanslar-3, Ba\u015f-Boyun Kanserleri. 02-03 Nisan 2005, Adana.<\/li>\n<li>Odyoloji ve Konu\u015fma Bozukluklar\u0131 E\u011fitim G\u00fcnleri, \u0130\u015fitme Cihazlar\u0131 ve \u0130mplantlar. 08-10 Nisan 2005, Antalya.<\/li>\n<li>Investigator Training Program. Facilitating Global Exellence in Clinical Trials. 30 Nisan 2005, Gaziantep.<\/li>\n<li>Vertigo Masterclass, International Postgraduate Course on Vertigo, Professor Herman Kingma. 2005, Adana.<\/li>\n<li>T\u00fcrk Ulusal Otorinolarengoloji ve Ba\u015f-Boyun Cerrahisi Kongresi. 21-26 May\u0131s 2005, Antalya.<\/li>\n<li>T\u00fcrk Ulusal Otorinolarengoloji ve Ba\u015f-Boyun Cerrahisi Kongresi. Vestib\u00fcler sistemin elektronistagmografi ve videonistagmograi ile de\u011ferlendirilmesi. E\u011fitsel Kurs. 21-26 May\u0131s 2005, Antalya.<\/li>\n<li>Koklear implantasyon otoloji-n\u00f6rootoloji odyoloji kongresi. 25-26 Kas\u0131m 2005, Ankara.<\/li>\n<li>Gaziantep KBB G\u00fcnleri. KBB ve Ba\u015f Boyun cerrahisinde nereye gidiyoruz? F\u0131rat Dicle Havzas\u0131 KBB Derne\u011fi 22. Toplant\u0131. 2-4 Aral\u0131k 2005, Gaziantep.<\/li>\n<li>Fasiyal Plastik Cerrahisinide Geli\u015fmeler. 29-31 May\u0131s 2006, \u0130stanbul.<\/li>\n<li>Dicle-F\u0131rat Havzas\u0131 \u00dcniversiteleri Kulak Burun Bo\u011faz Kliniklerinin D\u00fczenledikleri XXIII. B\u00f6lgesel Toplant\u0131. Dicle \u00dcniversitesi T\u0131p Fak\u00fcltesi, 31 May\u0131s 2006, Diyarbak\u0131r.<\/li>\n<li>T\u00fcrk Rinoloji Derne\u011fi 3. solunum yolu inflamasyonlar\u0131 sempozyumu. 31 May\u0131s-2 Haziran 2006. Dicle \u00dcniversitesi T\u0131p Fak\u00fcltesi, Diyarbak\u0131r.<\/li>\n<li>6<sup>th<\/sup> Wullstein Symposium 2006. New developments in hearing technology. 7-10 Aral\u0131k, 2006. W\u00fcrzburg, Almanya.<\/li>\n<li>GATA KBB G\u00fcnleri. G\u00fclhane askeri T\u0131p Akademisi. 16-17 Aral\u0131k 2006, Ankara.<\/li>\n<li>Videokonferanslar-5: KBB\u2019de g\u00fcncel konular. 31 Mart-1 Nisan 2007, Adana.<\/li>\n<li>T\u00fcrk Ulusal Otorinolarengoloji ve Ba\u015f-Boyun Cerrahisi Kongresi. 26-31 May\u0131s 2007, Antalya.<\/li>\n<li>Dicle-F\u0131rat Havzas\u0131 \u00dcniversiteleri Kulak Burun Bo\u011faz Kliniklerinin D\u00fczenledikleri XXV. B\u00f6lgesel Toplant\u0131. 19-22 Haziran 2007, Malatya.<\/li>\n<li>6th European Congress of Oto-Rhino-Laryngology, Head and Neck Surgery (EUFOS). 29 Haziran-2 Temmuz 2007. Viyana, Avusturya.<\/li>\n<li>Dicle-F\u0131rat Havzas\u0131 \u00dcniversiteleri Kulak Burun Bo\u011faz Kliniklerinin D\u00fczenledikleri XXVI. B\u00f6lgesel Toplant\u0131. 29 A\u011fustos-2 Eyl\u00fcl 2007, Elaz\u0131\u011f.<\/li>\n<li>Ulusal Yenido\u011fan i\u015fitme tarama program\u0131 ikinci basamak KBB hekimleri e\u011fitim kursu. 25 Ekim 2007, Ankara.<\/li>\n<li>\u00c7ocuklarda i\u015fitme kayb\u0131n\u0131n erken tan\u0131s\u0131, rehabilitasyon ve cerrahi tedavisi sempozyumu. 25-26 Ekim 2007, Ankara.<\/li>\n<li>Koklear implantasyon otoloji-n\u00f6rootoloji odyoloji kongresi. 22-24 Kas\u0131m 2007, \u0130zmir.<\/li>\n<li>Geriatrik otolarengoloji, Uluda\u011f 2008 KBB G\u00fcnleri. 6-9 Mart 2008, Bursa.<\/li>\n<li>Videokonferanslar-6: KBB\u2019de g\u00fcncel tedavi yakla\u015f\u0131mlar\u0131. 22-23 Mart- 2008, Adana.<\/li>\n<li>Uluslararas\u0131 Kulak Burun Bo\u011faz Ba\u015f Boyun Cerrahisi Kongresi, 15-17 May\u0131s 2008, Ankara.<\/li>\n<li>8th International conference on cholesteatoma and ear surgery integrated with Mediterranean Society of Otology and Audiology 10th International Congress, 15-20 June, 2008, Antalya.<\/li>\n<li>T\u00fcrk Ulusal Kulak Burun Bo\u011faz ve Ba\u015f-Boyun Cerrahisi Kongresi, 08-12 Ekim, 2008, Antalya.<\/li>\n<li>Burnun yeniden do\u011fu\u015fu, 28 \u015eubat-1 Mart, 2009, Gaziantep.<\/li>\n<li>Videokonferanslar-7: Otolarengolojide guncel konular. 21-22 Mart, 2009, Adana.<\/li>\n<li>Otolarengolojik Alerji Derne\u011fi e\u011fitim toplant\u0131s\u0131, 28-29 Mart, 2009, \u0130stanbul.<\/li>\n<li>Akademik Hafta, otoloji-n\u00f6rotoloji g\u00fcnleri, Politzer Society workshop, 10-12 May\u0131s, 2010, \u0130stanbul.<\/li>\n<li>JOINT MEETING IV CONSENSUS IN AUDITORY IMPLANTS and V EAONO INSTRUCTIONAL\u00a0 WORKSHOP, May 16-19, Parma ITALY.<\/li>\n<li>1st National Robotic Surgery in Turkiye, 1.Ulusal Robotik Cerrahi Kongresi. March 10-12, 2011, \u0130stanbul.<\/li>\n<li>10th European Symposium on Pediatric Cochlear Implantation, May 12-15, 2011, Athens, Greece.<\/li>\n<li>1st Congress of the Confederation of the European ORL-HNS, July 2-6, 2011, Barcelona, Spain.<\/li>\n<li>Yenido\u011fan i\u015fitme taramas\u0131 program\u0131: E\u011fiticinim E\u011fitimi, 03-04 Ekim 2011, Ankara.<\/li>\n<li>T\u00fcrk Ulusal Kulak Burun Bo\u011faz ve Ba\u015f-Boyun Cerrahisi Kongresi, Antalya, 26-30 Ekim 2011<\/li>\n<li>Koklear implantasyon otoloji-n\u00f6rootoloji odyoloji kongresi. 24-27 Kas\u0131m 2011, Adana.<\/li>\n<li>Hearing implant symposium, reaching new heights. 09-12 December 2012, M\u00fcnich, Germany.<\/li>\n<li>Videokonferanslar Toplant\u0131s\u0131: 31 Mart-1 Nisan, 2012, Adana.<\/li>\n<li>Ulusal Otoloji ve N\u00f6rootoloji Kongresi: 10-13 May\u0131s, 2012, Antalya.<\/li>\n<li>\u201cTuzla ENT School\u201d TURKIYE-CROATIA-BOSNIA AND HERZEGOWINA ENT MEETING , May 31- June 1 2012, Tuzla, Bosnia and Herzegovina.<\/li>\n<li>Otological microsurgery course with emphasis on minimally invasive techniques. 03-05 September 2012, Bern, Switzerland.<\/li>\n<li>T\u00fcrk Ulusal Kulak Burun Bo\u011faz ve Ba\u015f-Boyun Cerrahisi Kongresi, Antalya, 08-14 Ekim 2012<\/li>\n<li>2nd Munich hearing implant symposium, hearing implants around the world. 06-09 December 2012, M\u00fcnich, Germany.<\/li>\n<li>Videokonferanslar Toplant\u0131s\u0131: 29-31 Mart, 2013, Adana.<\/li>\n<li>E\u011fiticinin e\u011fitimi progragram\u0131, KEYPS \u00e7ekirdek e\u011fitim program\u0131, 6-10 May\u0131s 2013, Malatya.<\/li>\n<li>11th European Symposium on Paediatric Cochlear Implantation (ESPCI 2013). 23-26 May, 2013, Istanbul Turkiye.<\/li>\n<li>20th World Congress of the International Federationof Oto-Rhino-Laryngological Societies. June 1 \u2013 5, 2013 Seoul, Korea.<\/li>\n<li><strong>62<\/strong>.Congress of 7th Cochlear Implantation and Otology Neurootology. September,05-08 2013, Gaziantep., Turkiye.<\/li>\n<li>20<sup>th<\/sup> \u0130nternational silaoendoscopy courses, European Sialendoscopy Training Center, 12-14 September 2013, Geneva, Switzerland.<\/li>\n<li><em>35th Turkish National Congress of Otorhinolaryngology and Head &amp; Neck Surgery<\/em>, 05 Novamber 2013, Antalya.<\/li>\n<li>12th Videokonferanslar Toplant\u0131s\u0131: 28-30 March, 2014, Adana.<\/li>\n<li>3rd National Congress of Otology and Neurootology: May, 01-04, 2014, Antalya.<\/li>\n<li>12th European Symposium on Pediatric Cochlear Implantation (ESPCI 2014). 18-21 June, 2014, Munich Germany.<\/li>\n<li>13th International Conference on Cochlear Implants and Other Implantable Auditory Technologies. 18-21 June, 2014, Munich Germany.<\/li>\n<li>9th inner ear and cochlear implantation symposium, \u00c7e\u015fme \u0130zmir, 03-05 Eyl\u00fcl 2014.<\/li>\n<li><em>36th Turkish National Congress of Otorhinolaryngology and Head &amp; Neck Surgery<\/em> Antalya, 05-08 Novamber 2014<\/li>\n<li><strong> \u00c7ukurova Videokonferanslar. 27 \u2013 29 March, 2015, Adana<\/strong><\/li>\n<li><strong> B\u00f6lgesel Kulak Burun Bo\u011faz ve Ba\u015f Boyun Cerrahisi Toplant\u0131s\u0131, 03 \u2013 05 April, 2015, Diyarbak\u0131r.<\/strong><\/li>\n<li>13th European Symposium on Pediatric Cochlear Implantation (ESPCI 2015). 18-21 June, 2015, Toulouse, France.<\/li>\n<li><em>37th Turkish National Congress of Otorhinolaryngology and Head &amp; Neck Surgery<\/em>, 30 October-02 Novamber 2015, Antalya, Turkiye.<\/li>\n<li>23rd Windows Aproach Workshop, World Hearing Center, Institute of Physiology and Pathology of Hearing, January 11-12 2016, Warsaw,Poland.<\/li>\n<li>D\u00fcnya \u0130\u015fitme G\u00fcn\u00fc Etkinlikleri, Malatya, 3 Mart 2016, Malatya.<\/li>\n<li><strong> \u00c7ukurova Videokonferanslar. 25 \u2013 27 Mart, 2016, Adana.<\/strong><\/li>\n<li>Ulusal Otoloji N\u00f6rotoloji Kongresi, 21-24 Nisan 2016, Antalya.<\/li>\n<li><em>15th International Meeting of Mediterranean Society of Otology and Audiology<\/em>, PP11-67, Cappadocia TURKEY, April 28-30, 2016<\/li>\n<li><em>38th Turkish National Congress of Otorhinolaryngology and Head &amp; Neck Surgery<\/em>, Antalya, 26-30 October 2016.<\/li>\n<li>Hands-On Course on New Endoscopic Approaches to Lateral Skull Base, Inner Ear and Cerebello-Pontine Angle, November 11-12, 2016, Verona, Italy.<\/li>\n<li>5th Turkish Natiponal Congress for Otology and Neurootology. 04-07 May 2017, Antalya.<\/li>\n<li>Symposium for ENT Cases-1, 10-11 May 2017, Malatya.<\/li>\n<li>6th International Congress on Bone Conduction Hearing and Related Technologies OSSEO 2017, 17-20 May 2017, Nijmegen Netherlands.<\/li>\n<li>13th European Symposium on Pediatric Cochlear Implantation (ESPCI 2017). 25-28 May, 2017, Lisboa, Portugual.<\/li>\n<li>11th Asia Pacific Symposium on Cochlear Implantation and realted Sciences. P 48. Turkish republic of Northern Cyprus, September 19-2, 2017.<\/li>\n<li>Oticon Medical Scientific Meeting about Oticon Medical products as BAHS\/Ponto and CI\/Neuro. October 30-November 1 2017. Copenhagen Denmark.<\/li>\n<li>School of Otology &amp; Neurotology, \u0130zmir, 2-4 Novenber 2017.<\/li>\n<li><em>39th Turkish National Congress of Otorhinolaryngology and Head &amp; Neck Surgery<\/em>, 08-12 November 2017 Antalya Turkey.<\/li>\n<li>Dicle-F\u0131rat Havzas\u0131 \u00dcniversiteleri Otolarnygology Head and Surgery Meeting. 24-25 November 2017, Diyarbak\u0131r.<\/li>\n<li>Videokonferanslar. 30 Mart-1 Nisan 2018, Adana.<\/li>\n<li>13rd International Otorhinolaryngology Head and Neck Surgery Congress, Ankara Turkey 2018.<\/li>\n<li>Ulusal Otoloji N\u00f6rootoloji Kongresi, 28 Nisan-1 May\u0131s 2018, Antalya.<\/li>\n<li>9<sup>th<\/sup> EAONO Instructional Workshop &amp; Consesus on Auditory Implants 20-23 June 2018, Antwerp \/ Belgium<\/li>\n<li>15<sup>th<\/sup> International Conference on Cochlear Implants and Other Implantable Auditory Technology,<\/li>\n<li>27-30 June 2018, Copenhagen \/ Denmark<\/li>\n<li>II. Olgular ile KBB Kongresi &#8211; 21-23 Eyl\u00fcl 2018, Malatya.<\/li>\n<li>35. Dicle-F\u0131rat Havzas\u0131 \u00dcniversiteleri Kulak Burun Bo\u011faz Ba\u015f Boyun Cerrahisi B\u00f6lgesel Toplant\u0131. 19-21 Ekim 2018, Elaz\u0131\u011f.<\/li>\n<li>40. T\u00fcrk Ulusal Kulak Burun Bo\u011faz ve Ba\u015f-Boyun Cerrahisi Kongresi, Antalya 07-11 Kas\u0131m 2018.<\/li>\n<li>T\u00fcrk KBB BBC Derne\u011fi Otoloji N\u00f6rootoloji Okulu (E\u011fitici) \u2018Tinnitus G\u00fcncel\u2019 21-24 \u015eubat 2019, \u0130stanbul, T\u00fcrkiye.<\/li>\n<li><strong>17. Videokonferanslar. 22-24 Mart, 2019, Adana, <\/strong>T\u00fcrkiye.<\/li>\n<li>10<sup>th<\/sup> Congress of Cochlear Implantation, Otology, Neurootology and Audiology 4-7 April 2019, Antalya, T\u00fcrkiye.<\/li>\n<li>III. Olgular ile KBB Kongresi &#8211; 21-22 Haziran 2019, Malatya, T\u00fcrkiye.<\/li>\n<li>1<sup>st<\/sup> Congress of the Associaton of Endoscopic Surgeons of Bosnia &amp; Herzegovina. 06-08 September 2019, Sarajevo, Bosnia &amp; Herzegovina.<\/li>\n<li>\u2019Yenido\u011fan i\u015fitme taramalar\u0131\u2019\u2019 \u0130n\u00f6n\u00fc \u00dcniversitesi T\u0131p Fak\u00fcltesi \u00c7ocuk Sa\u011fl\u0131\u011f\u0131 ve Hastal\u0131klar\u0131 Anabilim Dal\u0131. 18 Eyl\u00fcl 2019, Malatya, T\u00fcrkiye.<\/li>\n<li>T\u00fcrk Ulusal Kulak Burun Bo\u011faz ve Ba\u015f-Boyun Cerrahisi Kongresi, 13 &#8211; 17 Kas\u0131m 2019, Antalya, T\u00fcrkiye.<\/li>\n<li>T\u00fcrk KBB BBC Derne\u011fi Otoloji N\u00f6rootoloji Okulu (E\u011fitici) \u2018\u2019Yenido\u011fan Sens\u00f6rin\u00f6ral i\u015fitme kayb\u0131 olgusu\u2019\u2019 06 &#8211; 08 Aral\u0131k 2019, \u0130stanbul, T\u00fcrkiye.<\/li>\n<li>T\u00fcrk KBB BBC Derne\u011fi Otoloji N\u00f6rootoloji Okulu (E\u011fitici) \u2018Tinnitus Kulak \u00c7\u0131nlamas\u0131\u2019\u2019 30 \u2013 31 Ekim Aral\u0131k 2020, \u0130stanbul, T\u00fcrkiye.<\/li>\n<li>Ulusal Otoloji N\u00f6rootoloji Kongresi, 26-28 Haziran 2021.<\/li>\n<li><strong>Kapadokya \u00dcniversitesi Odyoloji \u00d6\u011frenci Kongresi <\/strong>28 Aral\u0131k 2021.<\/li>\n<li>T\u00fcrk Ulusal Kulak Burun Bo\u011faz ve Ba\u015f-Boyun Cerrahisi Kongresi, 4 &#8211; 8 Kas\u0131m 2021, Kuzey K\u0131br\u0131s T\u00fcrk Cumhuriyeti.<\/li>\n<li>Ulusal Otoloji N\u00f6rootoloji ve 11. Koklear \u0130mplantasyon Kongresi, 09-12 Mart 2022.<\/li>\n<li><strong>Hacettepe-\u0130n\u00f6n\u00fc \u00dcniversiteleri Odyoloji \u00d6\u011frenci Kongresi 9-<\/strong>11 May\u0131s 2022, Malatya<\/li>\n<\/ol>\n<p>[\/vc_column_text][\/vc_column][\/vc_row]<\/p>\n","protected":false},"excerpt":{"rendered":"<p>[vc_row][vc_column icons_position=&#8221;left&#8221;][vc_empty_space height=&#8221;2em&#8221; alter_height=&#8221;none&#8221; hide_on_desktop=&#8221;&#8221; hide_on_notebook=&#8221;&#8221; hide_on_tablet=&#8221;&#8221; hide_on_mobile=&#8221;&#8221;][vc_gallery type=&#8221;image_grid&#8221; images=&#8221;1500,1501,1502,1503,1504,1505,1506,2655,2656,2657,2658,2659,2660,2661,2662,2663,2664,2665,2666,2667,2668,2669,2670,2671&#8243; img_size=&#8221;385&#215;250&#8243;][vc_empty_space height=&#8221;2em&#8221; alter_height=&#8221;none&#8221; hide_on_desktop=&#8221;&#8221; hide_on_notebook=&#8221;&#8221;&hellip;<\/p>\n","protected":false},"author":1,"featured_media":0,"parent":0,"menu_order":0,"comment_status":"closed","ping_status":"closed","template":"","meta":{"footnotes":""},"class_list":["post-3842","page","type-page","status-publish","hentry"],"_links":{"self":[{"href":"https:\/\/erkankaratas.com.tr\/en\/wp-json\/wp\/v2\/pages\/3842","targetHints":{"allow":["GET"]}}],"collection":[{"href":"https:\/\/erkankaratas.com.tr\/en\/wp-json\/wp\/v2\/pages"}],"about":[{"href":"https:\/\/erkankaratas.com.tr\/en\/wp-json\/wp\/v2\/types\/page"}],"author":[{"embeddable":true,"href":"https:\/\/erkankaratas.com.tr\/en\/wp-json\/wp\/v2\/users\/1"}],"replies":[{"embeddable":true,"href":"https:\/\/erkankaratas.com.tr\/en\/wp-json\/wp\/v2\/comments?post=3842"}],"version-history":[{"count":2,"href":"https:\/\/erkankaratas.com.tr\/en\/wp-json\/wp\/v2\/pages\/3842\/revisions"}],"predecessor-version":[{"id":3844,"href":"https:\/\/erkankaratas.com.tr\/en\/wp-json\/wp\/v2\/pages\/3842\/revisions\/3844"}],"wp:attachment":[{"href":"https:\/\/erkankaratas.com.tr\/en\/wp-json\/wp\/v2\/media?parent=3842"}],"curies":[{"name":"wp","href":"https:\/\/api.w.org\/{rel}","templated":true}]}}