{"id":3835,"date":"2023-05-05T10:26:54","date_gmt":"2023-05-05T10:26:54","guid":{"rendered":"http:\/\/erkankaratas.com.tr\/konusmalar\/"},"modified":"2023-07-05T14:12:59","modified_gmt":"2023-07-05T14:12:59","slug":"lecturer","status":"publish","type":"page","link":"https:\/\/erkankaratas.com.tr\/en\/lecturer\/","title":{"rendered":"Lecturer"},"content":{"rendered":"<p>[vc_row][vc_column icons_position=&#8221;left&#8221;]<div id=\"sc_title_1755302585\"\n\t\tclass=\"sc_title color_style_default sc_title_modern\"><h4 class=\"sc_item_title sc_title_title sc_align_left sc_item_title_style_modern sc_item_title_tag\">Lecturer<\/h4><\/div><!-- \/.sc_title -->[vc_empty_space height=&#8221;2em&#8221; alter_height=&#8221;none&#8221; hide_on_desktop=&#8221;&#8221; hide_on_notebook=&#8221;&#8221; hide_on_tablet=&#8221;&#8221; hide_on_mobile=&#8221;&#8221;][vc_gallery type=&#8221;image_grid&#8221; images=&#8221;1482,1481,1480,1479,1478,1477,2636,2637,2638,2639,2640,2641,2642,2643,2644,2645,2646,2647,2648,2649,2650,2651,2652,2653&#8243; img_size=&#8221;385&#215;250&#8243;][vc_empty_space height=&#8221;2em&#8221; alter_height=&#8221;none&#8221; hide_on_desktop=&#8221;&#8221; hide_on_notebook=&#8221;&#8221; hide_on_tablet=&#8221;&#8221; hide_on_mobile=&#8221;&#8221;][vc_empty_space height=&#8221;3.1em&#8221; alter_height=&#8221;none&#8221; hide_on_desktop=&#8221;&#8221; hide_on_notebook=&#8221;&#8221; hide_on_tablet=&#8221;1&#8243; hide_on_mobile=&#8221;1&#8243;][vc_column_text]<\/p>\n<ol>\n<li><strong><em>Karata\u015f E<\/em><\/strong><strong>.<\/strong> Otoacoustic emisions: Clincal evaluation. Gaziantep Kulak Burun Bo\u011faz Derne\u011fi bilimsel toplant\u0131lar\u0131. October 30, 2004, Gaziantep TURKIYE.<\/li>\n<li>Kanl\u0131kama M, <strong><em>Karata\u015f E<\/em>.<\/strong> Medialisation thyroplasty. XXVIII. T\u00fcrk Ulusal Otorinolarengoloji ve Ba\u015f-Boyun Cerrahisi Kongresi. May 21-26, 2005, Antalya TURKIYE.<\/li>\n<li>Kanl\u0131kama M, <strong><em>Karata\u015f E<\/em>.<\/strong> Modified radical neck dissection. XXVIII. T\u00fcrk Ulusal Otorinolarengoloji ve Ba\u015f-Boyun Cerrahisi Kongresi May 21-26, 2005, Antalya TURKIYE.<\/li>\n<li>Mumbu\u00e7 S, <strong><em>Karata\u015f E<\/em>.<\/strong> Endoscopic dacriosistorhinostomy. XXVIII. T\u00fcrk Ulusal Otorinolarengoloji ve Ba\u015f-Boyun Cerrahisi Kongresi. May 21-26, 2005, Antalya TURKIYE.<\/li>\n<li><strong><em>Karata\u015f E<\/em><\/strong><strong>.<\/strong> Allerjik Rinitte Tedavi Paneli; Surgical treatment in Allergic rhinitis patients. Dicle-F\u0131rat Havzas\u0131 \u00dcniversiteleri Kulak Burun Bo\u011faz Kliniklerinin D\u00fczenledikleri XXIII. B\u00f6lgesel Toplant\u0131. May 31, 2006, Diyarbak\u0131r TURKIYE.<\/li>\n<li><strong><em>Karata\u015f E<\/em><\/strong><strong>. <\/strong>Preoperative evalutaion and postoperative rehabilitation in patients with cochlear implantation. Gaziantep Kulak Burun Bo\u011faz Derne\u011fi bilimsel toplant\u0131lar\u0131. March 10, 2007, Gaziantep TURKIYE.<\/li>\n<li><strong><em>Karata\u015f E<\/em><\/strong><strong>. <\/strong>Hearing loss in children. Dicle-F\u0131rat Havzas\u0131 \u00dcniversiteleri Kulak Burun Bo\u011faz Kliniklerinin D\u00fczenledikleri XXV. B\u00f6lgesel Toplant\u0131. June 22, 2007, Malatya TURKIYE.<\/li>\n<li><strong><em>Karata\u015f E<\/em><\/strong>. Uzmanlara Yenilik \u201cDiagnosis and treatment of Allergic Rhinitis\u201d. February 18, 2008, Gaziantep TURKIYE.<\/li>\n<li><strong><em>Karata\u015f E<\/em><\/strong><strong>. <\/strong>Videokonferanslar-7. Otolarengolojide g\u00fcncel konular. Nas\u0131l Yap\u0131yorum: Surgical treatment in Allergic rhinitis patients. March 21-22, 2009, Adana TURKIYE.<\/li>\n<li><strong><em>Karata\u015f E<\/em><\/strong><strong>. <\/strong>\u201cThe current treatment methods in patients with sinisitis and otitis<strong>\u201d , Malatya Aile Hekimleri Toplant\u0131s\u0131<\/strong>, Novamber 5, 2010, Malatya.<\/li>\n<li><strong><em>Karata\u015f E<\/em><\/strong><strong>. <\/strong>\u201c<strong>The evaluation of sensorineural hearing loss in children.\u201d\u00a0 <\/strong><em>33 Turkish National Congress of Otorhinolaryngology and Head &amp; Neck Surgery<\/em>,\u00a0 Antalya TURKIYE, October 8-12, 2011.<\/li>\n<li><strong><em>Karata\u015f E<\/em><\/strong><strong>. <\/strong>\u201c<strong>The role of Otolaryngolist in endonasal endoscopic dacriocyctorhinostomy\u201d\u00a0 <\/strong><em>33 Turkish National Congress of Otorhinolaryngology and Head &amp; Neck Surgery<\/em>, Antalya TURKIYE, October 8-12, 2011.<\/li>\n<li><strong><em>Karata\u015f E<\/em><\/strong><strong>. <\/strong>Videokonferanslar-10. Otolarengolojide g\u00fcncel konular. Nas\u0131l Yap\u0131yorum: The most important points in tympanoplasty with large perforations in chronic otitis media. 31 Mart-1 Nisan 2012, Adana.<\/li>\n<li><strong><em>Karata\u015f E<\/em><\/strong><strong>. <\/strong>\u201cThe pathogenesis and treatment methoid in tympanoscleroris\u201d (Moderat\u00f6r Ergin Turan). 2. Ulusal Otoloji ve N\u00f6rootoloji Kongresi: May 10-13, 2012, Antalya.<\/li>\n<li><strong><em>Karata\u015f E<\/em><\/strong><strong>. <\/strong>\u201cRadiologic evaluation of temporal bone\u201d \u201cTuzla ENT School\u201d TURKIYE-CROATIA-BOSNIA AND HERZEGOWINA ENT MEETING , May 31- June 1 2012, Tuzla, Bosnia and Herzegovina.<\/li>\n<li><strong><em>Karata\u015f E<\/em><\/strong><strong>. <\/strong>\u201cAkut Sinusitis\u201d. Y\u00f6resel Dernekler KBB Toplant\u0131s\u0131. June 9, 2012, Malatya.<\/li>\n<li><strong><em>Karata\u015f E<\/em><\/strong><strong>. <\/strong>\u201c<strong>Vertigo\u201d (Moderator: \u0130smet Bayramo\u011flu)\u00a0 <\/strong><em>34th Turkish National Congress of Otorhinolaryngology and Head &amp; Neck Surgery<\/em>, October 13rd,\u00a0 2012, Antalya.<\/li>\n<li><strong><em>Karata\u015f E<\/em><\/strong><strong>. <\/strong>\u201c<strong>Geni\u015f perforasyon timpanoplastilerde p\u00fcf noktalar\u201d\u00a0 <\/strong><em>34th Turkish National Congress of Otorhinolaryngology and Head &amp; Neck Surgery<\/em>, October 13rd, 2012, Antalya.<\/li>\n<li><strong><em>Karata\u015f E<\/em><\/strong><strong>. <\/strong>Videokonferanslar-11. Tympanoplasty with flaps. March 29-31, 2013, Adana.<\/li>\n<li><strong><em>Karata\u015f E<\/em><\/strong><strong>. <\/strong>&#8220;Hearing preservation surgery\u201d <strong>(Moderator: Peter Roland)<\/strong>, 11th European Symposium on Paediatric Cochlear Implantation (ESPCI 2013). 23-26 May, 2013, Istanbul Turkiye.<\/li>\n<li><strong><em>Karata\u015f E<\/em><\/strong><strong>. <\/strong>&#8220;Cochleostomy types for hearing preservation in residual hearing\u201d, Congress of 7th Cochlear Implantation and Otology Neurootology. September,05-08 2013, Gaziantep., Turkiye<\/li>\n<li><strong><em>Karata\u015f E<\/em><\/strong><strong>. <\/strong>&#8220;Cochlear implantation in chronic otitis media\u201d, Congress of 7th Cochlear Implantation and Otology Neurootology. September,05-08 2013, Gaziantep., Turkiye<\/li>\n<li><strong><em>Karata\u015f E<\/em><\/strong><strong>. <\/strong>&#8220;F.N. Ard\u0131\u00e7, Intratympanic therapies in the future\u201d, <span style=\"color: #ff0000;\">(MODERATOR)<\/span>, Congress of 7th Cochlear Implantation and Otology Neurootology. September,05-08 2013, Gaziantep., Turkiye<\/li>\n<li><strong><em>Karata\u015f E<\/em><\/strong><strong>. <\/strong>&#8220;A. Ozdek, The evaluation to the pathologies of pontocerbellar area\u201d <span style=\"color: #ff0000;\">(MODERATOR)<\/span>, Congress of 7th Cochlear Implantation and Otology Neurootology. September,05-08 2013, Gaziantep, Turkiye<\/li>\n<li><strong><em>Karata\u015f E<\/em><\/strong><strong>. <\/strong>&#8220;S. Kaya, Atresia in external ear\u201d <span style=\"color: #ff0000;\">(MODERATOR)<\/span>, Congress of 7th Cochlear Implantation and Otology Neurootology. September,05-08 2013, Gaziantep., Turkiye<\/li>\n<li><strong><em>Karata\u015f E<\/em><\/strong><strong>. <\/strong>\u201c<strong>Fasiyal Paralysis\u201d (Moderator: Suat \u00d6zbilen)\u00a0 <\/strong><em>35th Turkish National Congress of Otorhinolaryngology and Head &amp; Neck Surgery<\/em>, 05 Novamber\u00a0 2013, Antalya.<\/li>\n<li><strong><em>Karata\u015f E<\/em><\/strong><strong>. <\/strong>\u201c<strong>Tympanoplasty with flaps\u201d\u00a0 <\/strong><em>35th Turkish National Congress of Otorhinolaryngology and Head &amp; Neck Surgery<\/em>, 05 Novamber\u00a0 2013, Antalya.<\/li>\n<li><strong><em>Karata\u015f E<\/em><\/strong><strong>. <\/strong>Videokonferanslar-12. Endoscopic dacriocyctorhinostomy with drillig. March 28-30, 2014, Adana.<\/li>\n<li><strong><em>Karata\u015f E<\/em><\/strong><strong>. <\/strong>\u201cHow do I do? Cochlear implantation in operated chronic otitis media patients\u201d (Moderat\u00f6r: \u0130rfan Devrano\u011flu). 3rd National Congress of Otology and Neurootology: May 01-04, 2014, Antalya. <span style=\"color: #ff0000;\">(PANEL)<\/span><\/li>\n<li><strong><em>Karata\u015f E<\/em><\/strong><strong>. <\/strong>\u201c<strong>Complications of cochlear implantation\u201d (Moderator: \u00dclk\u00fc Tuncer)\u00a0 <\/strong>9th inner ear disease and cochlear implant symposium, 03-05 September 2014, \u00c7e\u015fme, \u0130zmir. <span style=\"color: #ff0000;\">(PANEL)<\/span><\/li>\n<li><strong><em>Karata\u015f E<\/em><\/strong><strong>. <\/strong>\u201c<strong>Laryngopharyngeal reflux\u201d (Moderator: Mustafa Kemal Adal\u0131)\u00a0 <\/strong><em>36th Turkish National Congress of Otorhinolaryngology and Head &amp; Neck Surgery<\/em> Antalya, 05-08 November 2014 <span style=\"color: #ff0000;\">(PANEL)<\/span><\/li>\n<li><strong><em>Karata\u015f E<\/em><\/strong><strong>. <\/strong>\u201c<strong>Hearing reconstruction in chronic otitis media surgery\u201d\u00a0 <\/strong><em>36th Turkish National Congress of Otorhinolaryngology and Head &amp; Neck Surgery<\/em> Antalya, 08 Novamber\u00a0 2014, Antalya. <span style=\"color: #ff0000;\">(COURSE)<\/span><\/li>\n<li><strong><em>Karata\u015f E<\/em><\/strong><strong>. <\/strong>\u201c<strong>Endoscopic endonasal dacryocyctorhinostomy, live surgery. 11-12 December, 2014, Tuzla, Bosnia Herzigova.<\/strong><\/li>\n<li><strong><em>Karata\u015f E<\/em><\/strong><strong>. <\/strong>\u201cAnatomy and phisiology of nasolacrymal canal. Step by step <strong>Endoscopic endonasal dacryocyctorhinostomy. 12 December, 2014, Tuzla, Bosnia Herzigova. <\/strong><span style=\"color: #ff0000;\">(COURSE)<\/span><\/li>\n<li><strong><em>Karata\u015f E<\/em><\/strong><strong>. <\/strong>\u201cBone Bridge &amp; Vibrant Practice in Model<strong>. 27 March, 2015, 13. \u00c7ukurova Videokonferanslar, Adana. <\/strong><span style=\"color: #ff0000;\">(COURSE)<\/span><\/li>\n<li><strong><em>Karata\u015f E<\/em><\/strong><strong>. <\/strong>\u201cUpper lip silicone implantation in patients with facial paralysis<strong>\u201d 13. \u00c7ukurova Videokonferanslar. 27 \u2013 29 March, 2015, Adana. <\/strong><span style=\"color: #ff0000;\">(CONFERENCE)<\/span><\/li>\n<li><strong><em>Karata\u015f E<\/em><\/strong><strong>. <\/strong>\u201cCochlear implantation in operated chronic otitis media patients\u201d<strong> B\u00f6lgesel Kulak Burun Bo\u011faz ve Ba\u015f Boyun Cerrahisi Toplant\u0131s\u0131, 03 \u2013 05 April, 2015, Diyarbak\u0131r. <\/strong><span style=\"color: #ff0000;\">(CONFERENCE)<\/span><\/li>\n<li><strong><em>Karata\u015f E<\/em><\/strong><strong>. <\/strong>\u201c<strong>ENT doctors are speaking\u201d <span style=\"color: #ff0000;\">(MODERATOR)<\/span>\u00a0 <\/strong><em>37th Turkish National Congress of Otorhinolaryngology and Head &amp; Neck Surgery<\/em>, SS 3043, Antalya, TURKIYE, 2015 <span style=\"color: #ff0000;\">(PANEL)<\/span><\/li>\n<li><strong><em>Karata\u015f E<\/em><\/strong><strong>. <\/strong>\u201c<strong>Diagnosis methods in Hearing Loss\u201d (Moderator: B\u00fclent \u015eerbet\u00e7igil)\u00a0\u00a0 <\/strong><em>37th Turkish National Congress of Otorhinolaryngology and Head &amp; Neck Surgery<\/em>, SS 3043, Antalya, TURKIYE, 2015 <span style=\"color: #ff0000;\">(PANEL)<\/span><\/li>\n<li><strong><em>Karata\u015f E<\/em><\/strong><strong>. <\/strong>\u201cUpper lip silicone implantation in patients with facial paralysis<strong>\u201d\u00a0 <\/strong><em>37th Turkish National Congress of Otorhinolaryngology and Head &amp; Neck Surgery<\/em>, SS 3043, Antalya, TURKIYE, 2015 <span style=\"color: #ff0000;\">(COURSE)<\/span><\/li>\n<li><strong><em>Karata\u015f E<\/em><\/strong><strong>. <\/strong>\u201c<strong>Biyonik Kulak\u201d (Oturum Ba\u015fkan\u0131: Ahmet K\u0131z\u0131lay)\u00a0\u00a0 <\/strong>D\u00fcnya \u0130\u015fitme G\u00fcn\u00fc Etkinlikleri. 03 Mart 2016, Malatya. <span style=\"color: #ff0000;\">(PANEL)<\/span><\/li>\n<li><strong><em>Karata\u015f E<\/em><\/strong><strong>. <\/strong>\u201cKoklear \u0130mplantasyonda Atipik Olgular<strong>\u201d 14. \u00c7ukurova Videokonferanslar. 25 \u2013 27 Mart, 2016, Adana. <\/strong><span style=\"color: #ff0000;\">(CONFERENCE)<\/span><\/li>\n<li><strong><em>Karata\u015f E<\/em><\/strong><strong>. <\/strong>\u201c<strong>Ani \u0130\u015fitme Kayb\u0131\u201d (Oturum Ba\u015fkan\u0131: Faz\u0131l Necdet Ard\u0131\u00e7)\u00a0\u00a0 <\/strong> Ulusal Otoloji N\u00f6rotoloji Kongresi, 21-24 Nisan 2016, Antalya. <span style=\"color: #ff0000;\">(PANEL)<\/span><\/li>\n<li><strong><em>Karata\u015f E<\/em><\/strong><strong>. <\/strong>\u201c<strong>Middle ear regulator mechanisms: Mastoid, Mucosa and Gas\u201d (Moderator: Udi Cinamon) <\/strong><em>15th International Meeting of Mediterranean Society of Otology and Audiology<\/em>, PP11-67, Cappadocia TURKEY, April 28-30, 2016. <span style=\"color: #ff0000;\">(PANEL)<\/span><\/li>\n<li><strong>Karatas E. <\/strong>\u201cCurrent diagnosis in diagnosis and treatment of Meniere Disease<strong>\u201d\u00a0\u00a0\u00a0 <\/strong>38th Turkish National Congress of Otorhinolaryngology and Head and Neck Surgery, October 27th\u00a0\u00a0 2016, Antalya TURKEY. <span style=\"color: #ff0000;\">(CONFERENCE)<\/span><\/li>\n<li><strong>Karatas E. <\/strong>\u201cCochlear Implantation in different cases<strong>\u201d\u00a0\u00a0\u00a0 <\/strong>38th Turkish National Congress of Otorhinolaryngology and Head and Neck Surgery, October 28<sup>th<\/sup>\u00a0\u00a0\u00a0 2016, Antalya TURKEY. <span style=\"color: #ff0000;\">(COURSE)<\/span><\/li>\n<li><strong>Karatas E. <\/strong>\u201cTraining Log-Book of ORL-HNS during ENT residency program in Turkey<strong>\u201d\u00a0\u00a0\u00a0 <\/strong>38th Turkish National Congress of Otorhinolaryngology and Head and Neck Surgery, November\u00a0 28<sup>th<\/sup>\u00a0 2016, Antalya TURKEY. <span style=\"color: #ff0000;\">(PANEL)<\/span><\/li>\n<li><strong>Karatas E. <\/strong>\u201cWhich is, When? Hearing aids, Middle Ear Implants Bone Cunducted Hearing Implants <strong>\u201d\u00a0\u00a0\u00a0 <\/strong>5th Turkish National Congress of Otology and Neurootology, 04-07 May 2017, Antalya. <span style=\"color: #ff0000;\">(PANEL)<\/span><\/li>\n<li><strong>Karatas E. <\/strong>\u201cSession of Oral Presentations. 5th Turkish National Congress of Otology and Neurootology, 04-07 May 2017, Antalya Turkey. <span style=\"color: #ff0000;\">(MODERATOR)<\/span><\/li>\n<li><strong>Karatas E. <\/strong>\u201cCSF Leakge in Cochlear Implantation<strong>\u201d\u00a0\u00a0\u00a0 <\/strong>10-11 May 2017, Malatya TURKEY. <span style=\"color: #ff0000;\">(PANEL)<\/span><\/li>\n<li><strong>Karatas E. <\/strong>\u201cVideo Session-1. Moderator<strong>\u201d <\/strong><em>11th Asia Pacific Symposium on Cochlear Implantation and realted Sciences.<\/em> Turkish republic of Northern Cyprus, September 19-2, 2017.<\/li>\n<li><strong>Karatas E. <\/strong>\u201cCerebropspinal Fluid Leakage after Cochlear Implantation <strong>\u201d <\/strong><em>11th Asia Pacific Symposium on Cochlear Implantation and realted Sciences.<\/em> Turkish republic of Northern Cyprus, September 19-2, 2017.<\/li>\n<li><strong>Karatas E. <\/strong>School of Otology&amp;Neurotology for Turkish ENT Society\u00a0 \u2018Temporal Bone Dissection\u2019 3 November 2017 \u0130zmir, Turkey. <span style=\"color: #ff0000;\">(COURSE)<\/span><\/li>\n<li><strong>Karatas E. <\/strong>School of Otology&amp;Neurotology for Turkish ENT Society\u00a0 \u2018Approach to Cerebellopontine Angle\u2019 4 November 2017 \u0130zmir, Turkey. <span style=\"color: #ff0000;\">(CONFERENCE)<\/span><\/li>\n<li><strong>Karatas E. <\/strong>\u201cBoard of ENT program program in Turkey<strong>\u201d\u00a0\u00a0\u00a0 <\/strong>39th Turkish National Congress of Otorhinolaryngology and Head and Neck Surgery, 8 Novemeber\u00a0 2017, Antalya TURKEY. <span style=\"color: #ff0000;\">(PANEL)<\/span><\/li>\n<li><strong>Karatas E. <\/strong>\u201cMiddle ear implants and Bone anchored implants for hearing loss<strong>\u201d\u00a0\u00a0\u00a0 <\/strong>39th Turkish National Congress of Otorhinolaryngology and Head and Neck Surgery, 10 Novemeber\u00a0 2017, Antalya TURKEY. <span style=\"color: #ff0000;\">(MODERATOR)<\/span><\/li>\n<li><strong>Karatas E. <\/strong>\u2018Chronic Otitis Media\u2019 Dicle-F\u0131rat Havzas\u0131 \u00dcniversiteleri Kulak Burun Bo\u011faz Ba\u015f Boyun Cerrahisi B\u00f6lgesel Toplant\u0131. 24-25 November 2017, Diyarbak\u0131r.<strong> 58<\/strong>. <strong><em>Karata\u015f E<\/em>. <\/strong>\u00a0\u201cKOM\u2019da fasiyal sinir komplikasyonlar\u0131<strong>\u201d 16. Videokonferanslar. 30 Mart-1 Nisan, 2018, Adana. <\/strong><span style=\"color: #ff0000;\">(CONFERENCE)<\/span><\/li>\n<li><strong><em>Karata\u015f E<\/em><\/strong><strong>. <\/strong>\u201cAll ways in Cochlear Implantat\u0131on. Cochlear Implantation in Anomalous Cases<strong>\u201d <\/strong>. 13rd International Otorhinolaryngology Head and Neck Surgery Congress, Ankara, 2018. <span style=\"color: #ff0000;\">(PANEL)<\/span><\/li>\n<li><strong>Karatas E. <\/strong>\u201cSudden Hearing Loss <strong>\u201d\u00a0\u00a0\u00a0 <\/strong>6<sup>th<\/sup> National Congress of Otology and Neurotology, 28 April-1 May 2018, Antalya. <span style=\"color: #ff0000;\">(PANEL, MODERATOR)<\/span><\/li>\n<li><strong>Karatas E. <\/strong>\u2018\u2019Cochlear Implantat\u0131on in Children, Complications \u2013 Adherence\u2019\u2019 15<sup>th<\/sup> International Conference on Cochlear Implants and Other Implantable Auditory Technology, 27-30 June 2018, Copenhagen \/ Denmark <span style=\"color: #ff0000;\">(PANEL, MODERATOR)<\/span><\/li>\n<li><strong><em>Karata\u015f E<\/em><\/strong><strong>. <\/strong>\u201cKoklear \u0130mplanrasyonda Ya\u011f Doku Obliterasyonu<strong>\u201d <\/strong> Olgular ile KBB Kongresi &#8211; 21-23 Eyl\u00fcl 2018, Malatya. <span style=\"color: #ff0000;\">(CONFERENCE)<\/span><\/li>\n<li><strong><em>Karata\u015f E<\/em><\/strong><strong>. <\/strong>\u201cKoklear \u0130mplanrasyonda Ya\u011f Doku Obliterasyonu<strong>\u201d <\/strong> Dicle-F\u0131rat Havzas\u0131 \u00dcniversiteleri Kulak Burun Bo\u011faz Ba\u015f Boyun Cerrahisi B\u00f6lgesel Toplant\u0131. 19-21 Ekim 2018, Elaz\u0131\u011f.. <span style=\"color: #ff0000;\">(CONFERENCE)<\/span><\/li>\n<li><strong>Karatas E. <\/strong>\u201c\u0130mplante edilebilir i\u015fitme cihazlar\u0131<strong>\u201d <\/strong> T\u00fcrk Ulusal Kulak Burun Bo\u011faz ve Ba\u015f-Boyun Cerrahisi Kongresi, Antalya 07-11 Kas\u0131m 2018.<span style=\"color: #ff0000;\">(PANEL)<\/span><\/li>\n<li><strong>Karatas E. <\/strong>T\u00fcrk KBB BBC Derne\u011fi Otoloji N\u00f6rootoloji Okulu (E\u011fitici) \u2018Tinnitus G\u00fcncel\u2019 21-24 \u015eubat 2019, \u0130stanbul. <span style=\"color: #ff0000;\">(CONFERENCE)<\/span><\/li>\n<li><strong><em>Karata\u015f E<\/em><\/strong><strong>. <\/strong>\u201cPerlenf Fist\u00fcl\u00fc<strong>\u201d 17. Videokonferanslar. 22-24 Mart, 2019, Adana. <\/strong><span style=\"color: #ff0000;\">(CONFERENCE)<\/span><\/li>\n<li><strong>Karatas E. <\/strong>\u201cKoklear \u0130mplantasyon sonras\u0131 bak\u0131m<strong>\u201d\u00a0\u00a0\u00a0 <\/strong>7<sup>th<\/sup> National Congress of Otology and Neurotology, 10<sup>th<\/sup> Congress of Cochlear Implantation, Otology, Neurootology and Audiology 4-7 Nisan 2019, Antalya. <span style=\"color: #ff0000;\">(CONFERENCE)<\/span><\/li>\n<li><strong><em>Karata\u015f E<\/em><\/strong><strong>. <\/strong>\u201cVertigo\u2019da g\u00fcncel tan\u0131, ay\u0131r\u0131c\u0131 tan\u0131 ve tedavi<strong>\u201d <\/strong> Olgular ile KBB Kongresi &#8211; 21-22 Haziran 2019, Malatya. (Moderat\u00f6r)<\/li>\n<li><strong><em>Karatas E<\/em><\/strong><strong>. <\/strong>\u201cEndoscopic Repair of Perilymph Fistula<strong>\u201d <\/strong>1<sup>st<\/sup> Congress of the Associaton of Endoscopic Surgeons of Bosnia &amp; Herzegovina. 06-08 September 2019, Sarajevo, Bosnia &amp; Herzegovina. <span style=\"color: #ff0000;\">(CONFERENCE)<\/span><\/li>\n<li><strong><em>Karatas E<\/em><\/strong><strong>. <\/strong>\u2018\u2019Yenido\u011fan i\u015fitme taramalar\u0131\u2019\u2019 \u0130n\u00f6n\u00fc \u00dcniversitesi T\u0131p Fak\u00fcltesi \u00c7ocuk Sa\u011fl\u0131\u011f\u0131 ve Hastal\u0131klar\u0131 Anabilim Dal\u0131. 18 Eyl\u00fcl 2019, Malatya, T\u00fcrkiye <span style=\"color: #ff0000;\">(CONFERENCE)<\/span><\/li>\n<li><strong>Karatas E. <\/strong>\u201cKoklear \u0130mplantasyonda kas dokusu yerine ya\u011f dokusu obliterasyonu<strong>\u201d <\/strong> T\u00fcrk Ulusal Kulak Burun Bo\u011faz ve Ba\u015f-Boyun Cerrahisi Kongresi, Antalya 13 &#8211; 17 Kas\u0131m 2019. <span style=\"color: #ff0000;\">(PANEL)<\/span><\/li>\n<li><strong>Karatas E. <\/strong>\u201cVertigo\u2019da pratik tan\u0131 ay\u0131r\u0131c\u0131 tan\u0131 ve tedavi<strong>\u201d <\/strong> T\u00fcrk Ulusal Kulak Burun Bo\u011faz ve Ba\u015f-Boyun Cerrahisi Kongresi, Antalya 13 \u2013 17 Kas\u0131m 2019.\u00a0 <span style=\"color: #ff0000;\">(COURSE)<\/span><\/li>\n<li><strong>Karatas E. <\/strong>T\u00fcrk KBB BBC Derne\u011fi Otoloji N\u00f6rootoloji Okulu (E\u011fitici) \u2018\u2019Yenido\u011fan Sens\u00f6rin\u00f6ral i\u015fitme kayb\u0131 olgusu\u2019\u2019 06 &#8211; 08 Aral\u0131k 2019, \u0130stanbul. (<span style=\"color: #ff0000;\">(CONFERENCE)<\/span><\/li>\n<li><strong>Karatas E. <\/strong>\u201cActive Bone Anchored Hearing Implants<strong>\u201d\u00a0\u00a0\u00a0 <\/strong>8<sup>th<\/sup> National Congress of Otology and Neurotology, 10<sup>th<\/sup> Congress of Cochlear Implantation, Otology, Neurootology and Audiology 26-28 Haziran 2021, <span style=\"color: #ff0000;\">(PANEL)<\/span><\/li>\n<li><strong>Karatas E. <\/strong>\u201cTreatment in unilateral Sensorineural Hearing Loss<strong>\u201d\u00a0\u00a0\u00a0 <\/strong>42nd Turkish National Congress of Otorhinolaryngology and Head and Neck Surgery, November\u00a0 5<sup>th<\/sup>\u00a0 2021, North Cyprus. <span style=\"color: #ff0000;\">(PANEL)<\/span><\/li>\n<li><strong>Karatas E. <\/strong>\u201c\u0130mplante edilebilir i\u015fitme sistemleri<strong>\u201d\u00a0 Kapadokya \u00dcniversitesi Odyoloji \u00d6\u011frenci Kongresi <\/strong>\u00a0\u00a028 Aral\u0131k 2021. <span style=\"color: #ff0000;\">(CONFERENCE)<\/span><\/li>\n<li><strong>Karatas E. <\/strong>\u201cKemi\u011fe \u0130mplante \u0130\u015fitme Cihazlar\u0131<strong>\u201d\u00a0\u00a0\u00a0 <\/strong>9<sup>th<\/sup> National Congress of Otology and Neurotology, 10<sup>th<\/sup> Congress of Cochlear Implantation, Otology, Neurootology and Audiology 9-12 Mart 2022, Antalya. <span style=\"color: #ff0000;\">(PANEL)<\/span><\/li>\n<li><strong>Karatas E. <\/strong>\u201cKronik kulak hastal\u0131klar\u0131nda kolestetaom ve kulak cerrahisi<strong>\u201d\u00a0\u00a0\u00a0 <\/strong>9<sup>th<\/sup> National Congress of Otology and Neurotology, 10<sup>th<\/sup> Congress of Cochlear Implantation, Otology, Neurootology and Audiology 9-12 Mart 2022, Antalya. <span style=\"color: #ff0000;\">(PANEL)<\/span><\/li>\n<li><strong>Karatas E. <\/strong>\u201c\u0130mplante edilebilir i\u015fitme sistemleri<strong>\u201d\u00a0 Hacettepe-\u0130n\u00f6n\u00fc \u00dcniversiteleri Odyoloji \u00d6\u011frenci Kongresi 9-<\/strong>11\u00a0 May\u0131s 2022, Malatya. (Konferans)<\/li>\n<\/ol>\n<p>[\/vc_column_text][\/vc_column][\/vc_row]<\/p>\n","protected":false},"excerpt":{"rendered":"<p>[vc_row][vc_column icons_position=&#8221;left&#8221;][vc_empty_space height=&#8221;2em&#8221; alter_height=&#8221;none&#8221; hide_on_desktop=&#8221;&#8221; hide_on_notebook=&#8221;&#8221; hide_on_tablet=&#8221;&#8221; hide_on_mobile=&#8221;&#8221;][vc_gallery type=&#8221;image_grid&#8221; images=&#8221;1482,1481,1480,1479,1478,1477,2636,2637,2638,2639,2640,2641,2642,2643,2644,2645,2646,2647,2648,2649,2650,2651,2652,2653&#8243; img_size=&#8221;385&#215;250&#8243;][vc_empty_space height=&#8221;2em&#8221; alter_height=&#8221;none&#8221; hide_on_desktop=&#8221;&#8221; hide_on_notebook=&#8221;&#8221;&hellip;<\/p>\n","protected":false},"author":1,"featured_media":0,"parent":0,"menu_order":0,"comment_status":"closed","ping_status":"closed","template":"","meta":{"footnotes":""},"class_list":["post-3835","page","type-page","status-publish","hentry"],"_links":{"self":[{"href":"https:\/\/erkankaratas.com.tr\/en\/wp-json\/wp\/v2\/pages\/3835","targetHints":{"allow":["GET"]}}],"collection":[{"href":"https:\/\/erkankaratas.com.tr\/en\/wp-json\/wp\/v2\/pages"}],"about":[{"href":"https:\/\/erkankaratas.com.tr\/en\/wp-json\/wp\/v2\/types\/page"}],"author":[{"embeddable":true,"href":"https:\/\/erkankaratas.com.tr\/en\/wp-json\/wp\/v2\/users\/1"}],"replies":[{"embeddable":true,"href":"https:\/\/erkankaratas.com.tr\/en\/wp-json\/wp\/v2\/comments?post=3835"}],"version-history":[{"count":3,"href":"https:\/\/erkankaratas.com.tr\/en\/wp-json\/wp\/v2\/pages\/3835\/revisions"}],"predecessor-version":[{"id":3840,"href":"https:\/\/erkankaratas.com.tr\/en\/wp-json\/wp\/v2\/pages\/3835\/revisions\/3840"}],"wp:attachment":[{"href":"https:\/\/erkankaratas.com.tr\/en\/wp-json\/wp\/v2\/media?parent=3835"}],"curies":[{"name":"wp","href":"https:\/\/api.w.org\/{rel}","templated":true}]}}