{"id":3828,"date":"2023-05-05T09:56:00","date_gmt":"2023-05-05T09:56:00","guid":{"rendered":"http:\/\/erkankaratas.com.tr\/ozgecmis\/"},"modified":"2023-07-13T11:17:35","modified_gmt":"2023-07-13T11:17:35","slug":"biography","status":"publish","type":"page","link":"https:\/\/erkankaratas.com.tr\/en\/biography\/","title":{"rendered":"Biography"},"content":{"rendered":"<p>[vc_row][vc_column icons_position=&#8221;left&#8221;]<div id=\"sc_title_548677247\"\n\t\tclass=\"sc_title color_style_default sc_title_modern\"><h4 class=\"sc_item_title sc_title_title sc_align_left sc_item_title_style_modern sc_item_title_tag\">Biography<\/h4><\/div><!-- \/.sc_title -->[vc_empty_space height=&#8221;3.1em&#8221; alter_height=&#8221;none&#8221; hide_on_desktop=&#8221;&#8221; hide_on_notebook=&#8221;&#8221; hide_on_tablet=&#8221;1&#8243; hide_on_mobile=&#8221;1&#8243;][vc_column_text]<strong>Education:\u00a0\u00a0\u00a0\u00a0\u00a0 <\/strong><\/p>\n<p><strong>\u00a0<\/strong><\/p>\n<table width=\"1120\">\n<tbody>\n<tr>\n<td width=\"157\">Degree<\/td>\n<td width=\"152\">Faculty\/Dept.<\/td>\n<td width=\"204\">University<\/td>\n<td width=\"110\">Year<\/td>\n<\/tr>\n<tr>\n<td width=\"157\">MD (Medical Dr.)<\/td>\n<td width=\"152\">Medical Faculty<\/td>\n<td width=\"204\">Istanbul University, Cerrahpasa Medical Faculty<\/td>\n<td width=\"110\">1993-1999<\/td>\n<\/tr>\n<tr>\n<td width=\"157\">MD (Medical Dr.)<\/td>\n<td width=\"152\">Medical faculty<\/td>\n<td width=\"204\">Istanbul University, Cerrahpasa Medical Faculty<\/td>\n<td width=\"110\">1993-1999<\/td>\n<\/tr>\n<tr>\n<td width=\"157\">Surgeon<\/td>\n<td width=\"152\">Otorhinolaryngology Head and Neck Surgery<\/td>\n<td width=\"204\">Inonu University, Medical Faculty, Turkiye.<\/td>\n<td width=\"110\">1999-2003<\/td>\n<\/tr>\n<tr>\n<td width=\"157\">Surgeon<\/td>\n<td width=\"152\">Oral and Maxillofacial Surgery<\/td>\n<td width=\"204\">Inonu University, Medical Faculty, Turkiye.<\/td>\n<td width=\"110\">2012<\/td>\n<\/tr>\n<\/tbody>\n<\/table>\n<p><strong>\u00a0<\/strong><\/p>\n<p><strong>Thesis of ORL HNS (in Residency):<\/strong><\/p>\n<p>\u201cDrill induced hearing loss in the contrlateral healthy ear after mastoid surgery\u201d. Inonu University, Medical Faculty, Department of Otorhinolaryngology Head and Neck Surgery , Malatya, Turkiye, 2003 July.<\/p>\n<p>Consultant: Tamer Erdem MD, Associate Professor<\/p>\n<p><strong>\u00a0<\/strong><\/p>\n<p><strong>Affiliations: <\/strong><\/p>\n<p><strong>\u00a0<\/strong><\/p>\n<table width=\"1120\">\n<tbody>\n<tr>\n<td width=\"111\">Positions<\/td>\n<td width=\"416\">Hospitals<\/td>\n<td width=\"100\">Years<\/td>\n<\/tr>\n<tr>\n<td width=\"111\">Residency<\/td>\n<td width=\"416\">Inonu University, Medical Faculty, Otorhinolaryngology Head and Neck Surgery Department, Malatya, Turkiye<\/td>\n<td width=\"100\">1999-2003<\/td>\n<\/tr>\n<tr>\n<td width=\"111\">Specialist MD<\/td>\n<td width=\"416\">Gaziantep Goverment Hospital<\/td>\n<td width=\"100\">2004<\/td>\n<\/tr>\n<tr>\n<td width=\"111\">Assistant Professor MD<\/td>\n<td width=\"416\">Gaziantep University, Medical Faculty, Otorhinolaryngology Head and Neck Surgery Department, Gaziantep, Turkiye<\/td>\n<td width=\"100\">2004-2008<\/td>\n<\/tr>\n<tr>\n<td width=\"111\">Assoicate Professor MD<\/td>\n<td width=\"416\">Gaziantep University, Medical Faculty, Otorhinolaryngology Head and Neck Surgery Department, Gaziantep, Turkiye<\/td>\n<td width=\"100\">2009<\/td>\n<\/tr>\n<tr>\n<td width=\"111\">Assoicate Professor MD<\/td>\n<td width=\"416\">Malatya Inonu University, Medical Faculty, Otorhinolaryngology Head and Neck Surgery Department, Malatya, Turkiye<\/td>\n<td width=\"100\">2010<\/td>\n<\/tr>\n<tr>\n<td width=\"111\">Professor MD<\/td>\n<td width=\"416\">Malatya Inonu University, Medical Faculty, Otorhinolaryngology Head and Neck Surgery Department, Malatya, Turkiye<\/td>\n<td width=\"100\">2014<\/td>\n<\/tr>\n<tr>\n<td width=\"111\">Professor MD<\/td>\n<td width=\"416\">Katar, Turkish Hospital, Doha Qatar<\/td>\n<td width=\"100\">2015-2016<\/td>\n<\/tr>\n<tr>\n<td width=\"111\">Chairman<\/td>\n<td width=\"416\">Malatya Inonu University, Medical Faculty, Otorhinolaryngology Head and Neck Surgery Department, Malatya, Turkiye<\/td>\n<td width=\"100\">2016 -2018<\/td>\n<\/tr>\n<tr>\n<td width=\"111\">Professor MD<\/td>\n<td width=\"416\">Gozde Health Group, \u00d6zel Sa\u011fl\u0131k Hospital \u0130zmir, G\u00f6zde Akademi Hospital\u00a0 Malatya, Turkiye<\/td>\n<td width=\"100\">2019 &#8211; 2023<\/td>\n<\/tr>\n<tr>\n<td width=\"111\">Professor MD<\/td>\n<td width=\"416\">SANKO University Hospital Gaziantep, Turkiye<\/td>\n<td width=\"100\">2020 &#8211; 2023<\/td>\n<\/tr>\n<tr>\n<td width=\"111\">Professor MD<\/td>\n<td width=\"416\">Atlas University Medicine Hospital<\/td>\n<td width=\"100\">2023 &#8211;<\/td>\n<\/tr>\n<\/tbody>\n<\/table>\n<p><strong>\u00a0<\/strong><\/p>\n<p><strong>\u00a0<\/strong><\/p>\n<p><strong>\u00a0<\/strong><\/p>\n<p><strong>\u00a0<\/strong><\/p>\n<p><strong>Thesis of ORL-HNS as a consultant:<\/strong><\/p>\n<ol>\n<li>\u00c7am, H., \u201cEFFECTS OF TEFLON PISTON PROSTHESIS DIAMETER ON HEARING RESULTS IN OTOSCLEROSIS SURGERY: EVALUATION WITH OTOACOUSTIC EMISSIONS\u201d, Gaziantep University, Turkiye, 2007.<\/li>\n<li>\u00c7elik, M., \u201cCOMPARING PREOPERATIVE AUDIOLOGICAL AND RADIOLOGICAL FINDINGS WITH POSTOPERATIVE AUDITORY OUTCOMES PRELINGUALLY IN COCHLEAR IMPLANT CASES<\/li>\n<\/ol>\n<p>Gaziantep University, Turkiye,\u00a0 2007.<\/p>\n<ol start=\"3\">\n<li>\u00c7etinkaya, Z., \u201cAUDIOVESTIBULAR EVALUATIN IN PATIENTS with OBSTRUCTIVE SLEEP APNEA syndrome \u201d, Inonu University, 2012.<\/li>\n<li>Koc, A., \u201cNEWBORN HEARING SCREENING PROGRAM AT RISKY INFANTS \u201d, Inonu University, 2014.<\/li>\n<li>Demir, I., \u201cEvaluation of Communication and Motor Skills and Quality of Life in childeren with cochlear implantation \u201d, Inonu University, 2017.<\/li>\n<li>\u00c7evik, M., \u201cEvaluation of Vestibular System in Patients Undergoing Adult Cochlear Implantation\u201d, Inonu University, 2020.<\/li>\n<li>Tanbek, A.T., \u201cEvaulation of hearing results and quality of life in patients with implanted Bone-Anchored hearing devices\u201d, Inonu University, 2020.<\/li>\n<\/ol>\n<p><strong>\u00a0<\/strong><\/p>\n<p><strong>Duty of administirative tasks:<\/strong><\/p>\n<ol>\n<li>Scientific Board of hearing aids committee of Turkish Ministery of Health, 2011-2012. 2. Scientific Board of new born hearing screening program of Turkish Ministery of Health, \u00a02012-2014.<\/li>\n<li>Chief of hearing screening program of Turkish Ministery of Health in the East Anatolia of Turkiye, 2013-.<\/li>\n<li>Education Comitee member of Turkish Society of Otorhinolaryngology and Head and Neck Surgery, 2014-2018.<\/li>\n<li>Member of Ethics Comitee of Inonu University, Malatya Turkey, 2016-.<\/li>\n<li>Chairman of Otorhinolaryngology and Head and Neck Surgery Department at Inonu University, 2017-2019.<\/li>\n<\/ol>\n<p>&nbsp;<\/p>\n<p><strong>Memberships for scientific societies : <\/strong><\/p>\n<ol>\n<li>Turkish Society of Otorhinolaryngology Head and Neck Surgery<\/li>\n<li>Turkish Foundation of Otorhinolaryngology Head and Neck Surgery<\/li>\n<li>Turkish Society of Rhinology<\/li>\n<li>Turkish Society of Otology<\/li>\n<li>Turkish Board committee of Otorhinolaryngology Head and Neck Surgery<\/li>\n<li>Malatya Society of Otorhinolaryngology Head and Neck Surgery<\/li>\n<li>Gaziantep Society of Otorhinolaryngology Head and Neck Surgery<\/li>\n<li>American Academy of Otolaryngology Head and Neck Surgery<\/li>\n<li>Mediterranean Society of Otology and Audiology<\/li>\n<li>Association of Firat-Dicle region of Otolaryngology Head and Neck Surgery<\/li>\n<\/ol>\n<p><strong>Reviewer for Scientific Publications : <\/strong><\/p>\n<table width=\"1120\">\n<tbody>\n<tr>\n<td width=\"33\">No<\/td>\n<td width=\"395\">Manuscript<\/td>\n<td width=\"200\">Task<\/td>\n<\/tr>\n<tr>\n<td width=\"33\">1<\/td>\n<td width=\"395\">The Scientific World Journal \u2013 SCI Expanded<\/td>\n<td width=\"200\">Editorial Board<\/td>\n<\/tr>\n<tr>\n<td width=\"33\">2<\/td>\n<td width=\"395\">Near East Medical Journal<\/td>\n<td width=\"200\">Scientific Board<\/td>\n<\/tr>\n<tr>\n<td width=\"33\">3<\/td>\n<td width=\"395\">Egyptian Journal of Neck Surgery and Otorhinolaryngology<\/td>\n<td width=\"200\">Editorial Board<\/td>\n<\/tr>\n<tr>\n<td width=\"33\">4<\/td>\n<td width=\"395\">Abant \u0130zzet Baysal T\u0131p Dergisi<\/td>\n<td width=\"200\">Scientific Board<\/td>\n<\/tr>\n<tr>\n<td width=\"33\">5<\/td>\n<td width=\"395\">Journal of Otolaryngology &amp; ENT Research<\/td>\n<td width=\"200\">Editorial Board<\/td>\n<\/tr>\n<tr>\n<td width=\"33\">6<\/td>\n<td width=\"395\">Laryngoscope<\/td>\n<td width=\"200\">Reviewer<\/td>\n<\/tr>\n<tr>\n<td width=\"33\">7<\/td>\n<td width=\"395\">Otolaryngology Head and Neck Surgery<\/td>\n<td width=\"200\">Reviewer<\/td>\n<\/tr>\n<tr>\n<td width=\"33\">8<\/td>\n<td width=\"395\">European Archives of Otorhinolaryngology HNS<\/td>\n<td width=\"200\">Reviewer<\/td>\n<\/tr>\n<tr>\n<td width=\"33\">9<\/td>\n<td width=\"395\">Ear Nose Throat Journal<\/td>\n<td width=\"200\">Reviewer<\/td>\n<\/tr>\n<tr>\n<td width=\"33\">10<\/td>\n<td width=\"395\">Hearing Research<\/td>\n<td width=\"200\">Reviewer<\/td>\n<\/tr>\n<tr>\n<td width=\"33\">11<\/td>\n<td width=\"395\">Ear &amp; Hearing<\/td>\n<td width=\"200\">Reviewer<\/td>\n<\/tr>\n<tr>\n<td width=\"33\">12<\/td>\n<td width=\"395\">Annals of Otology Rhinology &amp; Laryngology<\/td>\n<td width=\"200\">Reviewer<\/td>\n<\/tr>\n<tr>\n<td width=\"33\">13<\/td>\n<td width=\"395\">Balkan Medical Journal<\/td>\n<td width=\"200\">Reviewer<\/td>\n<\/tr>\n<tr>\n<td width=\"33\">14<\/td>\n<td width=\"395\">Case Reports in Otolaryngology<\/td>\n<td width=\"200\">Reviewer<\/td>\n<\/tr>\n<tr>\n<td width=\"33\">15<\/td>\n<td width=\"395\">Turkish Journal of Medical Science<\/td>\n<td width=\"200\">Reviewer<\/td>\n<\/tr>\n<tr>\n<td width=\"33\">16<\/td>\n<td width=\"395\">T\u00fcrkiye Klinikleri T\u0131p Bilimleri Dergisi<\/td>\n<td width=\"200\">Reviewer<\/td>\n<\/tr>\n<tr>\n<td width=\"33\">17<\/td>\n<td width=\"395\">Journal of Clinical and Analytical Medicine<\/td>\n<td width=\"200\">Reviewer<\/td>\n<\/tr>\n<tr>\n<td width=\"33\">18<\/td>\n<td width=\"395\">T\u00fcrkiye Klinikleri Journal of Case reports<\/td>\n<td width=\"200\">Reviewer<\/td>\n<\/tr>\n<tr>\n<td width=\"33\">19<\/td>\n<td width=\"395\">T\u00fcrk Otolaringoloji Ar\u015fivi<\/td>\n<td width=\"200\">Reviewer<\/td>\n<\/tr>\n<tr>\n<td width=\"33\">20<\/td>\n<td width=\"395\">Kulak Burun Bo\u011faz Ba\u015f Boyun Cerrahisi Dergisi<\/td>\n<td width=\"200\">Reviewer<\/td>\n<\/tr>\n<tr>\n<td width=\"33\">21<\/td>\n<td width=\"395\">Gaziantep Medical Journal<\/td>\n<td width=\"200\">Reviewer<\/td>\n<\/tr>\n<tr>\n<td width=\"33\">22<\/td>\n<td width=\"395\">Dicle Medical Journal<\/td>\n<td width=\"200\">Reviewer<\/td>\n<\/tr>\n<tr>\n<td width=\"33\">23<\/td>\n<td width=\"395\">\u0130zzet Baysal T\u0131p Fak\u00fcltesi Dergisi<\/td>\n<td width=\"200\">Reviewer<\/td>\n<\/tr>\n<tr>\n<td width=\"33\">24<\/td>\n<td width=\"395\">Turgut\u00a0 \u00d6zal T\u0131p Merkezi Dergisi<\/td>\n<td width=\"200\">Reviewer<\/td>\n<\/tr>\n<tr>\n<td width=\"33\">25<\/td>\n<td width=\"395\">Van T\u0131p Dergisi<\/td>\n<td width=\"200\">Reviewer<\/td>\n<\/tr>\n<\/tbody>\n<\/table>\n<p>&nbsp;<\/p>\n<p><strong>Turkish Board of ORL-HNS:<\/strong><\/p>\n<ol>\n<li>Turkish Board of ORL HNS, Certificated, 30.05.2007.<\/li>\n<li>Turkish Board of ORL HNS, Certificated and updated, 07.07.2012.<\/li>\n<li>Turkish Board of ORL HNS, Certificated and updated, 07.10.2017.<\/li>\n<li>Turkish Board of ORL HNS, Certificated and updated, 07.10.2022.<\/li>\n<\/ol>\n<p>[\/vc_column_text][vc_empty_space height=&#8221;3.1em&#8221; alter_height=&#8221;none&#8221; hide_on_desktop=&#8221;&#8221; hide_on_notebook=&#8221;&#8221; hide_on_tablet=&#8221;1&#8243; hide_on_mobile=&#8221;1&#8243;][\/vc_column][\/vc_row]<\/p>\n","protected":false},"excerpt":{"rendered":"<p>[vc_row][vc_column icons_position=&#8221;left&#8221;][vc_empty_space height=&#8221;3.1em&#8221; alter_height=&#8221;none&#8221; hide_on_desktop=&#8221;&#8221; hide_on_notebook=&#8221;&#8221; hide_on_tablet=&#8221;1&#8243; hide_on_mobile=&#8221;1&#8243;][vc_column_text]Education:\u00a0\u00a0\u00a0\u00a0\u00a0 \u00a0 Degree Faculty\/Dept. University Year MD (Medical&hellip;<\/p>\n","protected":false},"author":1,"featured_media":0,"parent":0,"menu_order":0,"comment_status":"closed","ping_status":"closed","template":"","meta":{"footnotes":""},"class_list":["post-3828","page","type-page","status-publish","hentry"],"_links":{"self":[{"href":"https:\/\/erkankaratas.com.tr\/en\/wp-json\/wp\/v2\/pages\/3828","targetHints":{"allow":["GET"]}}],"collection":[{"href":"https:\/\/erkankaratas.com.tr\/en\/wp-json\/wp\/v2\/pages"}],"about":[{"href":"https:\/\/erkankaratas.com.tr\/en\/wp-json\/wp\/v2\/types\/page"}],"author":[{"embeddable":true,"href":"https:\/\/erkankaratas.com.tr\/en\/wp-json\/wp\/v2\/users\/1"}],"replies":[{"embeddable":true,"href":"https:\/\/erkankaratas.com.tr\/en\/wp-json\/wp\/v2\/comments?post=3828"}],"version-history":[{"count":5,"href":"https:\/\/erkankaratas.com.tr\/en\/wp-json\/wp\/v2\/pages\/3828\/revisions"}],"predecessor-version":[{"id":4086,"href":"https:\/\/erkankaratas.com.tr\/en\/wp-json\/wp\/v2\/pages\/3828\/revisions\/4086"}],"wp:attachment":[{"href":"https:\/\/erkankaratas.com.tr\/en\/wp-json\/wp\/v2\/media?parent=3828"}],"curies":[{"name":"wp","href":"https:\/\/api.w.org\/{rel}","templated":true}]}}